{"id":3178,"date":"2025-01-30T09:06:35","date_gmt":"2025-01-30T09:06:35","guid":{"rendered":"https:\/\/eurovanilleinstit.arobases.fr\/?page_id=3178"},"modified":"2026-01-21T08:26:39","modified_gmt":"2026-01-21T08:26:39","slug":"contact_commercial_artisan","status":"publish","type":"page","link":"https:\/\/www.eurovanille.com\/en\/contact_commercial_artisan\/","title":{"rendered":"ES Acc\u00e9dez contacts commercial artisan"},"content":{"rendered":"\t\t<div data-elementor-type=\"wp-page\" data-elementor-id=\"3178\" class=\"elementor elementor-3178\" data-elementor-post-type=\"page\">\n\t\t\t\t\t\t<section class=\"elementor-section elementor-top-section elementor-element elementor-element-4bb729e4 elementor-section-boxed elementor-section-height-default elementor-section-height-default wpr-particle-no wpr-jarallax-no wpr-parallax-no wpr-sticky-section-no wpr-equal-height-no\" data-id=\"4bb729e4\" data-element_type=\"section\" data-e-type=\"section\" data-settings=\"{&quot;background_background&quot;:&quot;classic&quot;}\">\n\t\t\t\t\t\t<div class=\"elementor-container elementor-column-gap-default\">\n\t\t\t\t\t<div class=\"elementor-column elementor-col-100 elementor-top-column elementor-element elementor-element-49bf0401\" data-id=\"49bf0401\" data-element_type=\"column\" data-e-type=\"column\" data-settings=\"{&quot;background_background&quot;:&quot;classic&quot;}\">\n\t\t\t<div class=\"elementor-widget-wrap elementor-element-populated\">\n\t\t\t\t\t<div class=\"elementor-background-overlay\"><\/div>\n\t\t\t\t\t\t<section class=\"elementor-section elementor-inner-section elementor-element elementor-element-17fe9c26 elementor-section-boxed elementor-section-height-default elementor-section-height-default wpr-particle-no wpr-jarallax-no wpr-parallax-no wpr-sticky-section-no wpr-equal-height-no\" data-id=\"17fe9c26\" data-element_type=\"section\" data-e-type=\"section\">\n\t\t\t\t\t\t<div class=\"elementor-container elementor-column-gap-default\">\n\t\t\t\t\t<div class=\"elementor-column elementor-col-50 elementor-inner-column elementor-element elementor-element-7153bd63\" data-id=\"7153bd63\" data-element_type=\"column\" data-e-type=\"column\">\n\t\t\t<div class=\"elementor-widget-wrap elementor-element-populated\">\n\t\t\t\t\t\t<div class=\"elementor-element elementor-element-3549e5ac elementor-widget-tablet__width-initial elementor-widget elementor-widget-heading\" data-id=\"3549e5ac\" data-element_type=\"widget\" data-e-type=\"widget\" data-widget_type=\"heading.default\">\n\t\t\t\t<div class=\"elementor-widget-container\">\n\t\t\t\t\t<h2 class=\"elementor-heading-title elementor-size-default\">Acceda a los contactos de su comercial y descargue nuestro cat\u00e1logo.<\/h2>\t\t\t\t<\/div>\n\t\t\t\t<\/div>\n\t\t\t\t\t<\/div>\n\t\t<\/div>\n\t\t\t\t<div class=\"elementor-column elementor-col-50 elementor-inner-column elementor-element elementor-element-348335a1\" data-id=\"348335a1\" data-element_type=\"column\" data-e-type=\"column\">\n\t\t\t<div class=\"elementor-widget-wrap elementor-element-populated\">\n\t\t\t\t\t\t<div class=\"elementor-element elementor-element-c95223c elementor-widget elementor-widget-shortcode\" data-id=\"c95223c\" data-element_type=\"widget\" data-e-type=\"widget\" data-widget_type=\"shortcode.default\">\n\t\t\t\t<div class=\"elementor-widget-container\">\n\t\t\t\t\t\t\t<div class=\"elementor-shortcode\">\n\t\t\t<form id=\"sib_signup_form_14\" method=\"post\" class=\"sib_signup_form\">\n\t\t\t\t<div class=\"sib_loader\" style=\"display:none;\"><img\n\t\t\t\t\t\t\tsrc=\"https:\/\/www.eurovanille.com\/wp-includes\/images\/spinner.gif\" alt=\"loader\"><\/div>\n\t\t\t\t<input type=\"hidden\" name=\"sib_form_action\" value=\"subscribe_form_submit\">\n\t\t\t\t<input type=\"hidden\" name=\"sib_form_id\" value=\"14\">\n                <input type=\"hidden\" name=\"sib_form_alert_notice\" value=\"Remplissez ce champ s\u2019il vous pla\u00eet\">\n                <input type=\"hidden\" name=\"sib_form_invalid_email_notice\" value=\"Cette adresse email n&#039;est pas valide\">\n                <input type=\"hidden\" name=\"sib_security\" value=\"0c1d57fbc2\">\n\t\t\t\t<div class=\"sib_signup_box_inside_14\">\n\t\t\t\t\t<div style=\"\/*display:none*\/\" class=\"sib_msg_disp\">\n\t\t\t\t\t<\/div>\n                    \t\t\t\t\t<script src=\"https:\/\/cdn.tailwindcss.com\"><\/script>\r\n\r\n<div class=\"bg-white shadow-lg rounded-2xl p-8 w-full max-w-md\">\r\n  <h2 class=\"text-2xl font-semibold text-gray-800 text-center mb-6\">Contacto<\/h2>\r\n  \r\n  <!-- Direcci\u00f3n de correo -->\r\n  <div>\r\n    <label for=\"email\" class=\"block text-sm font-medium text-gray-700 mb-1\">\r\n      Direcci\u00f3n de correo electr\u00f3nico\r\n    <\/label>\r\n    <input type=\"email\" id=\"email\" name=\"email\" placeholder=\"Correo electr\u00f3nico\" required class=\"w-full rounded-lg border-gray-300 focus:ring-2 focus:ring-[#008866] focus:border-[#008866] p-3\">\r\n  <\/div>\r\n\r\n  <br>\r\n\r\n  <!-- Bot\u00f3n de descarga -->\r\n  <button type=\"submit\" class=\"w-full bg-[#008866] text-white font-semibold py-3 rounded-xl shadow-md hover:bg-[#008866] transition duration-200\">\r\n    Acceder\r\n  <\/button>\r\n<\/div>\r\n\r\n<script>\r\n  document.getElementById(\"downloadForm\").addEventListener(\"submit\", function(event) {\r\n    event.preventDefault(); \/\/ prevenir el env\u00edo del formulario\r\n    \/\/ Redirigir al PDF (versi\u00f3n HTTPS)\r\n    window.location.href = \"https:\/\/eurovanilleinstit.arobases.fr\/wp-content\/uploads\/2025\/08\/Rapport-RSE-FR.pdf\";\r\n  });\r\n<\/script>\r\n\t\t\t\t<\/div>\n\t\t\t<\/form>\n\t\t\t<style>\n\t\t\t\tform#sib_signup_form_14 { padding: 5px; -moz-box-sizing:border-box; -webkit-box-sizing: border-box; box-sizing: border-box; } form#sib_signup_form_14 input[type=text],form#sib_signup_form_14 input[type=email], form#sib_signup_form_14 select { width: 100%; border: 1px solid #bbb; height: auto; margin: 5px 0 0 0; } form#sib_signup_form_14 .sib-default-btn { margin: 5px 0; padding: 6px 12px; color:#fff; background-color: #333; border-color: #2E2E2E; font-size: 14px; font-weight:400; line-height: 1.4285; text-align: center; cursor: pointer; vertical-align: middle; -webkit-user-select:none; -moz-user-select:none; -ms-user-select:none; user-select:none; white-space: normal; border:1px solid transparent; border-radius: 3px; } form#sib_signup_form_14 .sib-default-btn:hover { background-color: #008866; } form#sib_signup_form_14 p{ margin: 10px 0 0 0; }form#sib_signup_form_14 p.sib-alert-message {\n    padding: 6px 12px;\n    margin-bottom: 20px;\n    border: 1px solid transparent;\n    border-radius: 4px;\n    -webkit-box-sizing: border-box;\n    -moz-box-sizing: border-box;\n    box-sizing: border-box;\n}\nform#sib_signup_form_14 p.sib-alert-message-error {\n    background-color: #f2dede;\n    border-color: #ebccd1;\n    color: #a94442;\n}\nform#sib_signup_form_14 p.sib-alert-message-success {\n    background-color: #dff0d8;\n    border-color: #d6e9c6;\n    color: #3c763d;\n}\nform#sib_signup_form_14 p.sib-alert-message-warning {\n    background-color: #fcf8e3;\n    border-color: #faebcc;\n    color: #8a6d3b;\n}\n\t\t\t<\/style>\n\t\t\t<\/div>\n\t\t\t\t\t\t<\/div>\n\t\t\t\t<\/div>\n\t\t\t\t<div class=\"elementor-element elementor-element-4f5f9745 elementor-widget elementor-widget-text-editor\" data-id=\"4f5f9745\" data-element_type=\"widget\" data-e-type=\"widget\" data-widget_type=\"text-editor.default\">\n\t\t\t\t<div class=\"elementor-widget-container\">\n\t\t\t\t\t\t\t\t\t<p>Al completar este campo, acepta que su informaci\u00f3n sea utilizada con fines comerciales.<\/p>\t\t\t\t\t\t\t\t<\/div>\n\t\t\t\t<\/div>\n\t\t\t\t\t<\/div>\n\t\t<\/div>\n\t\t\t\t\t<\/div>\n\t\t<\/section>\n\t\t\t\t\t<\/div>\n\t\t<\/div>\n\t\t\t\t\t<\/div>\n\t\t<\/section>\n\t\t\t\t<\/div>\n\t\t","protected":false},"excerpt":{"rendered":"<p>Acceda a los contactos de su comercial y descargue nuestro cat\u00e1logo. Al completar este campo, acepta que su informaci\u00f3n sea utilizada con fines comerciales.<\/p>","protected":false},"author":3,"featured_media":0,"parent":0,"menu_order":0,"comment_status":"closed","ping_status":"closed","template":"elementor_header_footer","meta":{"footnotes":""},"class_list":["post-3178","page","type-page","status-publish","hentry","entry"],"yoast_head":"<!-- This site is optimized with the Yoast SEO plugin v27.5 - https:\/\/yoast.com\/product\/yoast-seo-wordpress\/ -->\n<title>Acc\u00e9dez aux contacts de votre commercial artisan<\/title>\n<meta name=\"description\" content=\"Trouvez facilement les contacts de votre commercial artisan pour vos besoins professionnels. Cliquez pour acc\u00e9der aux coordonn\u00e9es.\" \/>\n<meta name=\"robots\" content=\"noindex, nofollow\" \/>\n<meta property=\"og:locale\" content=\"en_GB\" \/>\n<meta property=\"og:type\" content=\"article\" \/>\n<meta property=\"og:title\" content=\"Acc\u00e9dez aux contacts de votre commercial artisan\" \/>\n<meta property=\"og:description\" content=\"Trouvez facilement les contacts de votre commercial artisan pour vos besoins professionnels. Cliquez pour acc\u00e9der aux coordonn\u00e9es.\" \/>\n<meta property=\"og:url\" content=\"https:\/\/www.eurovanille.com\/en\/contact_commercial_artisan\/\" \/>\n<meta property=\"og:site_name\" content=\"Eurovanille\" \/>\n<meta property=\"article:modified_time\" content=\"2026-01-21T08:26:39+00:00\" \/>\n<meta name=\"twitter:card\" content=\"summary_large_image\" \/>\n<meta name=\"twitter:label1\" content=\"Estimated reading time\" \/>\n\t<meta name=\"twitter:data1\" content=\"1 minute\" \/>\n<script type=\"application\/ld+json\" class=\"yoast-schema-graph\">{\"@context\":\"https:\\\/\\\/schema.org\",\"@graph\":[{\"@type\":\"WebPage\",\"@id\":\"https:\\\/\\\/www.eurovanille.com\\\/contact_commercial_artisan\\\/\",\"url\":\"https:\\\/\\\/www.eurovanille.com\\\/contact_commercial_artisan\\\/\",\"name\":\"Acc\u00e9dez aux contacts de votre commercial artisan\",\"isPartOf\":{\"@id\":\"https:\\\/\\\/eurovanille.com\\\/en\\\/#website\"},\"datePublished\":\"2025-01-30T09:06:35+00:00\",\"dateModified\":\"2026-01-21T08:26:39+00:00\",\"description\":\"Trouvez facilement les contacts de votre commercial artisan pour vos besoins professionnels. Cliquez pour acc\u00e9der aux coordonn\u00e9es.\",\"breadcrumb\":{\"@id\":\"https:\\\/\\\/www.eurovanille.com\\\/contact_commercial_artisan\\\/#breadcrumb\"},\"inLanguage\":\"en-GB\",\"potentialAction\":[{\"@type\":\"ReadAction\",\"target\":[\"https:\\\/\\\/www.eurovanille.com\\\/contact_commercial_artisan\\\/\"]}]},{\"@type\":\"BreadcrumbList\",\"@id\":\"https:\\\/\\\/www.eurovanille.com\\\/contact_commercial_artisan\\\/#breadcrumb\",\"itemListElement\":[{\"@type\":\"ListItem\",\"position\":1,\"name\":\"Accueil\",\"item\":\"https:\\\/\\\/eurovanille.com\\\/en\\\/\"},{\"@type\":\"ListItem\",\"position\":2,\"name\":\"ES Acc\u00e9dez contacts commercial artisan\"}]},{\"@type\":\"WebSite\",\"@id\":\"https:\\\/\\\/eurovanille.com\\\/en\\\/#website\",\"url\":\"https:\\\/\\\/eurovanille.com\\\/en\\\/\",\"name\":\"Eurovanille\",\"description\":\"\",\"publisher\":{\"@id\":\"https:\\\/\\\/eurovanille.com\\\/en\\\/#organization\"},\"potentialAction\":[{\"@type\":\"SearchAction\",\"target\":{\"@type\":\"EntryPoint\",\"urlTemplate\":\"https:\\\/\\\/eurovanille.com\\\/en\\\/?s={search_term_string}\"},\"query-input\":{\"@type\":\"PropertyValueSpecification\",\"valueRequired\":true,\"valueName\":\"search_term_string\"}}],\"inLanguage\":\"en-GB\"},{\"@type\":\"Organization\",\"@id\":\"https:\\\/\\\/eurovanille.com\\\/en\\\/#organization\",\"name\":\"Eurovanille\",\"url\":\"https:\\\/\\\/eurovanille.com\\\/en\\\/\",\"logo\":{\"@type\":\"ImageObject\",\"inLanguage\":\"en-GB\",\"@id\":\"https:\\\/\\\/eurovanille.com\\\/en\\\/#\\\/schema\\\/logo\\\/image\\\/\",\"url\":\"\\\/wp-content\\\/uploads\\\/2025\\\/06\\\/cropped-logo.jpg\",\"contentUrl\":\"\\\/wp-content\\\/uploads\\\/2025\\\/06\\\/cropped-logo.jpg\",\"width\":512,\"height\":512,\"caption\":\"Eurovanille\"},\"image\":{\"@id\":\"https:\\\/\\\/eurovanille.com\\\/en\\\/#\\\/schema\\\/logo\\\/image\\\/\"}}]}<\/script>\n<!-- \/ Yoast SEO plugin. -->","yoast_head_json":{"title":"Acc\u00e9dez aux contacts de votre commercial artisan","description":"Trouvez facilement les contacts de votre commercial artisan pour vos besoins professionnels. Cliquez pour acc\u00e9der aux coordonn\u00e9es.","robots":{"index":"noindex","follow":"nofollow"},"og_locale":"en_GB","og_type":"article","og_title":"Acc\u00e9dez aux contacts de votre commercial artisan","og_description":"Trouvez facilement les contacts de votre commercial artisan pour vos besoins professionnels. Cliquez pour acc\u00e9der aux coordonn\u00e9es.","og_url":"https:\/\/www.eurovanille.com\/en\/contact_commercial_artisan\/","og_site_name":"Eurovanille","article_modified_time":"2026-01-21T08:26:39+00:00","twitter_card":"summary_large_image","twitter_misc":{"Estimated reading time":"1 minute"},"schema":{"@context":"https:\/\/schema.org","@graph":[{"@type":"WebPage","@id":"https:\/\/www.eurovanille.com\/contact_commercial_artisan\/","url":"https:\/\/www.eurovanille.com\/contact_commercial_artisan\/","name":"Acc\u00e9dez aux contacts de votre commercial artisan","isPartOf":{"@id":"https:\/\/eurovanille.com\/en\/#website"},"datePublished":"2025-01-30T09:06:35+00:00","dateModified":"2026-01-21T08:26:39+00:00","description":"Trouvez facilement les contacts de votre commercial artisan pour vos besoins professionnels. Cliquez pour acc\u00e9der aux coordonn\u00e9es.","breadcrumb":{"@id":"https:\/\/www.eurovanille.com\/contact_commercial_artisan\/#breadcrumb"},"inLanguage":"en-GB","potentialAction":[{"@type":"ReadAction","target":["https:\/\/www.eurovanille.com\/contact_commercial_artisan\/"]}]},{"@type":"BreadcrumbList","@id":"https:\/\/www.eurovanille.com\/contact_commercial_artisan\/#breadcrumb","itemListElement":[{"@type":"ListItem","position":1,"name":"Accueil","item":"https:\/\/eurovanille.com\/en\/"},{"@type":"ListItem","position":2,"name":"ES Acc\u00e9dez contacts commercial artisan"}]},{"@type":"WebSite","@id":"https:\/\/eurovanille.com\/en\/#website","url":"https:\/\/eurovanille.com\/en\/","name":"Eurovanille","description":"","publisher":{"@id":"https:\/\/eurovanille.com\/en\/#organization"},"potentialAction":[{"@type":"SearchAction","target":{"@type":"EntryPoint","urlTemplate":"https:\/\/eurovanille.com\/en\/?s={search_term_string}"},"query-input":{"@type":"PropertyValueSpecification","valueRequired":true,"valueName":"search_term_string"}}],"inLanguage":"en-GB"},{"@type":"Organization","@id":"https:\/\/eurovanille.com\/en\/#organization","name":"Eurovanille","url":"https:\/\/eurovanille.com\/en\/","logo":{"@type":"ImageObject","inLanguage":"en-GB","@id":"https:\/\/eurovanille.com\/en\/#\/schema\/logo\/image\/","url":"\/wp-content\/uploads\/2025\/06\/cropped-logo.jpg","contentUrl":"\/wp-content\/uploads\/2025\/06\/cropped-logo.jpg","width":512,"height":512,"caption":"Eurovanille"},"image":{"@id":"https:\/\/eurovanille.com\/en\/#\/schema\/logo\/image\/"}}]}},"_links":{"self":[{"href":"https:\/\/www.eurovanille.com\/en\/wp-json\/wp\/v2\/pages\/3178","targetHints":{"allow":["GET"]}}],"collection":[{"href":"https:\/\/www.eurovanille.com\/en\/wp-json\/wp\/v2\/pages"}],"about":[{"href":"https:\/\/www.eurovanille.com\/en\/wp-json\/wp\/v2\/types\/page"}],"author":[{"embeddable":true,"href":"https:\/\/www.eurovanille.com\/en\/wp-json\/wp\/v2\/users\/3"}],"replies":[{"embeddable":true,"href":"https:\/\/www.eurovanille.com\/en\/wp-json\/wp\/v2\/comments?post=3178"}],"version-history":[{"count":29,"href":"https:\/\/www.eurovanille.com\/en\/wp-json\/wp\/v2\/pages\/3178\/revisions"}],"predecessor-version":[{"id":11389,"href":"https:\/\/www.eurovanille.com\/en\/wp-json\/wp\/v2\/pages\/3178\/revisions\/11389"}],"wp:attachment":[{"href":"https:\/\/www.eurovanille.com\/en\/wp-json\/wp\/v2\/media?parent=3178"}],"curies":[{"name":"wp","href":"https:\/\/api.w.org\/{rel}","templated":true}]}}