{"id":8715,"date":"2025-06-10T09:48:25","date_gmt":"2025-06-10T09:48:25","guid":{"rendered":"https:\/\/eurovanilleinstit.arobases.fr\/?page_id=8715"},"modified":"2026-01-20T08:48:02","modified_gmt":"2026-01-20T08:48:02","slug":"mentions-legales","status":"publish","type":"page","link":"https:\/\/www.eurovanille.com\/en\/mentions-legales\/","title":{"rendered":"Page Mentions L\u00e9gales"},"content":{"rendered":"<div data-elementor-type=\"wp-page\" data-elementor-id=\"8715\" class=\"elementor elementor-8715\" data-elementor-post-type=\"page\">\n\t\t\t\t<div class=\"elementor-element elementor-element-573d154 e-flex e-con-boxed wpr-particle-no wpr-jarallax-no wpr-parallax-no wpr-sticky-section-no e-con e-parent\" data-id=\"573d154\" data-element_type=\"container\" data-e-type=\"container\">\n\t\t\t\t\t<div class=\"e-con-inner\">\n\t\t\t\t<div class=\"elementor-element elementor-element-5110d92 elementor-widget elementor-widget-text-editor\" data-id=\"5110d92\" data-element_type=\"widget\" data-e-type=\"widget\" data-widget_type=\"text-editor.default\">\n\t\t\t\t<div class=\"elementor-widget-container\">\n\t\t\t\t\t\t\t\t\t<h1 class=\"page-title-wrapper\"><strong>Legal Notice<\/strong><\/h1><p>\u00a0<\/p><h2><strong>\u00c9diteur du site<\/strong><\/h2><div>Publisher : EUROVANILLE, SAS , RCS Boulogne-sur-Mer <span class=\"OYPEnA font-feature-liga-off font-feature-clig-off font-feature-calt-off text-decoration-none text-strikethrough-none\">B 449 095 678<\/span><br \/>Registered Office : Route de Maresquel, 62870 Gouy Saint Andr\u00e9 (France)<br \/>Contact : contact@eurovanille.com \/ +33 (0)3 90 00 10<\/div><h2>\u00a0<\/h2><div class=\"article-wrapper__description\"><h2 lang=\"FR-FR\" xml:lang=\"FR-FR\"><strong>Terms of Use\u00a0<\/strong><\/h2><p lang=\"FR-FR\" xml:lang=\"FR-FR\">All content on this website is protected under French and international copyright and intellectual property laws. All reproduction rights are reserved, including for downloadable documents, illustrations, and photographs. Unless otherwise stated, the content is the property of Eurovanille. Reproduction of all or part of this website, in any form, is strictly prohibited.\u00a0<\/p><h2 lang=\"FR-FR\" xml:lang=\"FR-FR\"><strong>Personal Data Protection\u00a0<\/strong><\/h2><p lang=\"FR-FR\" xml:lang=\"FR-FR\">You have the right to access, modify, and delete your personal data (French Data Protection Act of January 6, 1978 \u2013 \u2018Informatique et Libert\u00e9s\u2019).\u00a0<\/p><h2 lang=\"FR-FR\" xml:lang=\"FR-FR\"><strong>Execution\u00a0<\/strong><\/h2><p lang=\"FR-FR\" xml:lang=\"FR-FR\">This website was created by EUROVANILLE \u2013 Route de Maresquel, 62870 Gouy Saint Andr\u00e9, France.\u00a0<\/p><h2 lang=\"FR-FR\" xml:lang=\"FR-FR\"><strong>Web Hosting\u00a0<\/strong><\/h2><p lang=\"FR-FR\" xml:lang=\"FR-FR\">This website is hosted by the company: Arobases, 54 Rue Chevreul, 69007 Lyon, France.<\/p><h2 lang=\"FR-FR\" xml:lang=\"FR-FR\"><strong>Links to Third-Party Websites\u00a0<\/strong><\/h2><p lang=\"FR-FR\" xml:lang=\"FR-FR\">This website contains links to other sites. Accessing a site linked from our website is at the visitor\u2019s or user\u2019s own risk, and Eurovanille cannot be held responsible for any damages, errors, or omissions on these sites.\u00a0<\/p><h2 lang=\"FR-FR\" xml:lang=\"FR-FR\"><strong>Access to Password-Protected Areas\u00a0<\/strong><\/h2><p lang=\"FR-FR\" xml:lang=\"FR-FR\">Access to password-protected areas is restricted to authorized personnel only.\u00a0<br \/>EUROVANILLE \u2013 Route de\u00a0Maresquel\u00a062870 Gouy Saint Andr\u00e9 (France).\u00a0<\/p><\/div>\t\t\t\t\t\t\t\t<\/div>\n\t\t\t\t<\/div>\n\t\t\t\t\t<\/div>\n\t\t\t\t<\/div>\n\t\t\t\t<\/div>","protected":false},"excerpt":{"rendered":"<p>Mentions L\u00e9gales \u00a0 \u00c9diteur du site \u00c9diteur : EUROVANILLE, SAS , RCS Boulogne-sur-Mer B 449 095 678Si\u00e8ge social : Route de Maresquel, 62870 Gouy Saint Andr\u00e9 (France)Contact : contact@eurovanille.com \/ +33 (0)3 90 00 10 \u00a0 Conditions d\u2019Utilisation\u00a0 L\u2019ensemble de ce site rel\u00e8ve de la l\u00e9gislation fran\u00e7aise et internationale sur le droit d\u2019auteur et la propri\u00e9t\u00e9 intellectuelle. Tous les droits de reproduction sont r\u00e9serv\u00e9s, y compris pour les documents t\u00e9l\u00e9chargeables et les repr\u00e9sentations iconographiques et photographiques. Le contenu est, sauf mention contraire, la propri\u00e9t\u00e9 d\u2019Eurovanille. La reproduction de tout ou partie de ce site, sous quelques formes que ce soit est interdite.\u00a0 Protection des Donn\u00e9es Personnelles\u00a0 Vous disposez d\u2019un droit d\u2019acc\u00e8s, de modification et de suppression des donn\u00e9es qui vous concernent (Loi du 6 janvier 1978 Informatique et libert\u00e9).\u00a0 R\u00e9alisation\u00a0 Ce site Web a \u00e9t\u00e9 r\u00e9alis\u00e9 par EUROVANILLE \u2013 Route de\u00a0Maresquel\u00a062870 Gouy Saint Andr\u00e9 (France).\u00a0 H\u00e9bergement\u00a0 Ce site Web est h\u00e9berg\u00e9 par la soci\u00e9t\u00e9 : Arobases, 54 rue chevreul, 69007 Lyon. Liens vers les sites de tierce-parties\u00a0 Ce site web contient des liens vers d\u2019autres sites. L\u2019acc\u00e8s \u00e0 un site li\u00e9 \u00e0 notre site se fait aux risques et p\u00e9rils du visiteur ou de l\u2019utilisateur et\u00a0Eurovanille\u00a0ne saurait \u00eatre tenue pour responsables des dommages, erreurs ou omissions pr\u00e9sents sur ces sites.\u00a0 Acc\u00e8s \u00e0 des zones prot\u00e9g\u00e9es par un mot de passe\u00a0 L\u2019acc\u00e8s \u00e0 des zones prot\u00e9g\u00e9es par un mot de passe est r\u00e9serv\u00e9 aux personnes autoris\u00e9es seulement.\u00a0EUROVANILLE \u2013 Route de\u00a0Maresquel\u00a062870 Gouy Saint Andr\u00e9 (France).\u00a0<\/p>","protected":false},"author":3,"featured_media":0,"parent":0,"menu_order":0,"comment_status":"closed","ping_status":"closed","template":"elementor_header_footer","meta":{"footnotes":""},"class_list":["post-8715","page","type-page","status-publish","hentry","entry"],"yoast_head":"<!-- This site is optimized with the Yoast SEO plugin v27.3 - https:\/\/yoast.com\/product\/yoast-seo-wordpress\/ -->\n<title>Page Mentions L\u00e9gales | Eurovanille<\/title>\n<meta name=\"robots\" content=\"index, follow, max-snippet:-1, max-image-preview:large, max-video-preview:-1\" \/>\n<link rel=\"canonical\" href=\"https:\/\/eurovanille.com\/mentions-legales\/\" \/>\n<meta property=\"og:locale\" content=\"en_GB\" \/>\n<meta property=\"og:type\" content=\"article\" \/>\n<meta property=\"og:title\" content=\"Page Mentions L\u00e9gales | Eurovanille\" \/>\n<meta property=\"og:description\" content=\"Mentions L\u00e9gales \u00a0 \u00c9diteur du site \u00c9diteur : EUROVANILLE, SAS , RCS Boulogne-sur-Mer B 449 095 678Si\u00e8ge social : Route de Maresquel, 62870 Gouy Saint Andr\u00e9 (France)Contact : contact@eurovanille.com \/ +33 (0)3 90 00 10 \u00a0 Conditions d\u2019Utilisation\u00a0 L\u2019ensemble de ce site rel\u00e8ve de la l\u00e9gislation fran\u00e7aise et internationale sur le droit d\u2019auteur et la propri\u00e9t\u00e9 intellectuelle. Tous les droits de reproduction sont r\u00e9serv\u00e9s, y compris pour les documents t\u00e9l\u00e9chargeables et les repr\u00e9sentations iconographiques et photographiques. Le contenu est, sauf mention contraire, la propri\u00e9t\u00e9 d\u2019Eurovanille. La reproduction de tout ou partie de ce site, sous quelques formes que ce soit est interdite.\u00a0 Protection des Donn\u00e9es Personnelles\u00a0 Vous disposez d\u2019un droit d\u2019acc\u00e8s, de modification et de suppression des donn\u00e9es qui vous concernent (Loi du 6 janvier 1978 Informatique et libert\u00e9).\u00a0 R\u00e9alisation\u00a0 Ce site Web a \u00e9t\u00e9 r\u00e9alis\u00e9 par EUROVANILLE \u2013 Route de\u00a0Maresquel\u00a062870 Gouy Saint Andr\u00e9 (France).\u00a0 H\u00e9bergement\u00a0 Ce site Web est h\u00e9berg\u00e9 par la soci\u00e9t\u00e9 : Arobases, 54 rue chevreul, 69007 Lyon. Liens vers les sites de tierce-parties\u00a0 Ce site web contient des liens vers d\u2019autres sites. L\u2019acc\u00e8s \u00e0 un site li\u00e9 \u00e0 notre site se fait aux risques et p\u00e9rils du visiteur ou de l\u2019utilisateur et\u00a0Eurovanille\u00a0ne saurait \u00eatre tenue pour responsables des dommages, erreurs ou omissions pr\u00e9sents sur ces sites.\u00a0 Acc\u00e8s \u00e0 des zones prot\u00e9g\u00e9es par un mot de passe\u00a0 L\u2019acc\u00e8s \u00e0 des zones prot\u00e9g\u00e9es par un mot de passe est r\u00e9serv\u00e9 aux personnes autoris\u00e9es seulement.\u00a0EUROVANILLE \u2013 Route de\u00a0Maresquel\u00a062870 Gouy Saint Andr\u00e9 (France).\u00a0\" \/>\n<meta property=\"og:url\" content=\"https:\/\/eurovanille.com\/mentions-legales\/\" \/>\n<meta property=\"og:site_name\" content=\"Eurovanille\" \/>\n<meta property=\"article:modified_time\" content=\"2026-01-20T08:48:02+00:00\" \/>\n<meta name=\"twitter:card\" content=\"summary_large_image\" \/>\n<meta name=\"twitter:label1\" content=\"Estimated reading time\" \/>\n\t<meta name=\"twitter:data1\" content=\"2 minutes\" \/>\n<script type=\"application\/ld+json\" class=\"yoast-schema-graph\">{\"@context\":\"https:\\\/\\\/schema.org\",\"@graph\":[{\"@type\":\"WebPage\",\"@id\":\"https:\\\/\\\/eurovanille.com\\\/mentions-legales\\\/\",\"url\":\"https:\\\/\\\/eurovanille.com\\\/mentions-legales\\\/\",\"name\":\"Page Mentions L\u00e9gales | Eurovanille\",\"isPartOf\":{\"@id\":\"https:\\\/\\\/www.eurovanille.com\\\/en\\\/#website\"},\"datePublished\":\"2025-06-10T09:48:25+00:00\",\"dateModified\":\"2026-01-20T08:48:02+00:00\",\"breadcrumb\":{\"@id\":\"https:\\\/\\\/eurovanille.com\\\/mentions-legales\\\/#breadcrumb\"},\"inLanguage\":\"en-GB\",\"potentialAction\":[{\"@type\":\"ReadAction\",\"target\":[\"https:\\\/\\\/eurovanille.com\\\/mentions-legales\\\/\"]}]},{\"@type\":\"BreadcrumbList\",\"@id\":\"https:\\\/\\\/eurovanille.com\\\/mentions-legales\\\/#breadcrumb\",\"itemListElement\":[{\"@type\":\"ListItem\",\"position\":1,\"name\":\"Accueil\",\"item\":\"https:\\\/\\\/www.eurovanille.com\\\/en\\\/\"},{\"@type\":\"ListItem\",\"position\":2,\"name\":\"Page Mentions L\u00e9gales\"}]},{\"@type\":\"WebSite\",\"@id\":\"https:\\\/\\\/www.eurovanille.com\\\/en\\\/#website\",\"url\":\"https:\\\/\\\/www.eurovanille.com\\\/en\\\/\",\"name\":\"Eurovanille\",\"description\":\"\",\"publisher\":{\"@id\":\"https:\\\/\\\/www.eurovanille.com\\\/en\\\/#organization\"},\"potentialAction\":[{\"@type\":\"SearchAction\",\"target\":{\"@type\":\"EntryPoint\",\"urlTemplate\":\"https:\\\/\\\/www.eurovanille.com\\\/en\\\/?s={search_term_string}\"},\"query-input\":{\"@type\":\"PropertyValueSpecification\",\"valueRequired\":true,\"valueName\":\"search_term_string\"}}],\"inLanguage\":\"en-GB\"},{\"@type\":\"Organization\",\"@id\":\"https:\\\/\\\/www.eurovanille.com\\\/en\\\/#organization\",\"name\":\"Eurovanille\",\"url\":\"https:\\\/\\\/www.eurovanille.com\\\/en\\\/\",\"logo\":{\"@type\":\"ImageObject\",\"inLanguage\":\"en-GB\",\"@id\":\"https:\\\/\\\/www.eurovanille.com\\\/en\\\/#\\\/schema\\\/logo\\\/image\\\/\",\"url\":\"\\\/wp-content\\\/uploads\\\/2025\\\/06\\\/cropped-logo.jpg\",\"contentUrl\":\"\\\/wp-content\\\/uploads\\\/2025\\\/06\\\/cropped-logo.jpg\",\"width\":512,\"height\":512,\"caption\":\"Eurovanille\"},\"image\":{\"@id\":\"https:\\\/\\\/www.eurovanille.com\\\/en\\\/#\\\/schema\\\/logo\\\/image\\\/\"}}]}<\/script>\n<!-- \/ Yoast SEO plugin. -->","yoast_head_json":{"title":"Page Mentions L\u00e9gales | Eurovanille","robots":{"index":"index","follow":"follow","max-snippet":"max-snippet:-1","max-image-preview":"max-image-preview:large","max-video-preview":"max-video-preview:-1"},"canonical":"https:\/\/eurovanille.com\/mentions-legales\/","og_locale":"en_GB","og_type":"article","og_title":"Page Mentions L\u00e9gales | Eurovanille","og_description":"Mentions L\u00e9gales \u00a0 \u00c9diteur du site \u00c9diteur : EUROVANILLE, SAS , RCS Boulogne-sur-Mer B 449 095 678Si\u00e8ge social : Route de Maresquel, 62870 Gouy Saint Andr\u00e9 (France)Contact : contact@eurovanille.com \/ +33 (0)3 90 00 10 \u00a0 Conditions d\u2019Utilisation\u00a0 L\u2019ensemble de ce site rel\u00e8ve de la l\u00e9gislation fran\u00e7aise et internationale sur le droit d\u2019auteur et la propri\u00e9t\u00e9 intellectuelle. Tous les droits de reproduction sont r\u00e9serv\u00e9s, y compris pour les documents t\u00e9l\u00e9chargeables et les repr\u00e9sentations iconographiques et photographiques. Le contenu est, sauf mention contraire, la propri\u00e9t\u00e9 d\u2019Eurovanille. La reproduction de tout ou partie de ce site, sous quelques formes que ce soit est interdite.\u00a0 Protection des Donn\u00e9es Personnelles\u00a0 Vous disposez d\u2019un droit d\u2019acc\u00e8s, de modification et de suppression des donn\u00e9es qui vous concernent (Loi du 6 janvier 1978 Informatique et libert\u00e9).\u00a0 R\u00e9alisation\u00a0 Ce site Web a \u00e9t\u00e9 r\u00e9alis\u00e9 par EUROVANILLE \u2013 Route de\u00a0Maresquel\u00a062870 Gouy Saint Andr\u00e9 (France).\u00a0 H\u00e9bergement\u00a0 Ce site Web est h\u00e9berg\u00e9 par la soci\u00e9t\u00e9 : Arobases, 54 rue chevreul, 69007 Lyon. Liens vers les sites de tierce-parties\u00a0 Ce site web contient des liens vers d\u2019autres sites. L\u2019acc\u00e8s \u00e0 un site li\u00e9 \u00e0 notre site se fait aux risques et p\u00e9rils du visiteur ou de l\u2019utilisateur et\u00a0Eurovanille\u00a0ne saurait \u00eatre tenue pour responsables des dommages, erreurs ou omissions pr\u00e9sents sur ces sites.\u00a0 Acc\u00e8s \u00e0 des zones prot\u00e9g\u00e9es par un mot de passe\u00a0 L\u2019acc\u00e8s \u00e0 des zones prot\u00e9g\u00e9es par un mot de passe est r\u00e9serv\u00e9 aux personnes autoris\u00e9es seulement.\u00a0EUROVANILLE \u2013 Route de\u00a0Maresquel\u00a062870 Gouy Saint Andr\u00e9 (France).\u00a0","og_url":"https:\/\/eurovanille.com\/mentions-legales\/","og_site_name":"Eurovanille","article_modified_time":"2026-01-20T08:48:02+00:00","twitter_card":"summary_large_image","twitter_misc":{"Estimated reading time":"2 minutes"},"schema":{"@context":"https:\/\/schema.org","@graph":[{"@type":"WebPage","@id":"https:\/\/eurovanille.com\/mentions-legales\/","url":"https:\/\/eurovanille.com\/mentions-legales\/","name":"Page Mentions L\u00e9gales | Eurovanille","isPartOf":{"@id":"https:\/\/www.eurovanille.com\/en\/#website"},"datePublished":"2025-06-10T09:48:25+00:00","dateModified":"2026-01-20T08:48:02+00:00","breadcrumb":{"@id":"https:\/\/eurovanille.com\/mentions-legales\/#breadcrumb"},"inLanguage":"en-GB","potentialAction":[{"@type":"ReadAction","target":["https:\/\/eurovanille.com\/mentions-legales\/"]}]},{"@type":"BreadcrumbList","@id":"https:\/\/eurovanille.com\/mentions-legales\/#breadcrumb","itemListElement":[{"@type":"ListItem","position":1,"name":"Accueil","item":"https:\/\/www.eurovanille.com\/en\/"},{"@type":"ListItem","position":2,"name":"Page Mentions L\u00e9gales"}]},{"@type":"WebSite","@id":"https:\/\/www.eurovanille.com\/en\/#website","url":"https:\/\/www.eurovanille.com\/en\/","name":"Eurovanille","description":"","publisher":{"@id":"https:\/\/www.eurovanille.com\/en\/#organization"},"potentialAction":[{"@type":"SearchAction","target":{"@type":"EntryPoint","urlTemplate":"https:\/\/www.eurovanille.com\/en\/?s={search_term_string}"},"query-input":{"@type":"PropertyValueSpecification","valueRequired":true,"valueName":"search_term_string"}}],"inLanguage":"en-GB"},{"@type":"Organization","@id":"https:\/\/www.eurovanille.com\/en\/#organization","name":"Eurovanille","url":"https:\/\/www.eurovanille.com\/en\/","logo":{"@type":"ImageObject","inLanguage":"en-GB","@id":"https:\/\/www.eurovanille.com\/en\/#\/schema\/logo\/image\/","url":"\/wp-content\/uploads\/2025\/06\/cropped-logo.jpg","contentUrl":"\/wp-content\/uploads\/2025\/06\/cropped-logo.jpg","width":512,"height":512,"caption":"Eurovanille"},"image":{"@id":"https:\/\/www.eurovanille.com\/en\/#\/schema\/logo\/image\/"}}]}},"_links":{"self":[{"href":"https:\/\/www.eurovanille.com\/en\/wp-json\/wp\/v2\/pages\/8715","targetHints":{"allow":["GET"]}}],"collection":[{"href":"https:\/\/www.eurovanille.com\/en\/wp-json\/wp\/v2\/pages"}],"about":[{"href":"https:\/\/www.eurovanille.com\/en\/wp-json\/wp\/v2\/types\/page"}],"author":[{"embeddable":true,"href":"https:\/\/www.eurovanille.com\/en\/wp-json\/wp\/v2\/users\/3"}],"replies":[{"embeddable":true,"href":"https:\/\/www.eurovanille.com\/en\/wp-json\/wp\/v2\/comments?post=8715"}],"version-history":[{"count":8,"href":"https:\/\/www.eurovanille.com\/en\/wp-json\/wp\/v2\/pages\/8715\/revisions"}],"predecessor-version":[{"id":11288,"href":"https:\/\/www.eurovanille.com\/en\/wp-json\/wp\/v2\/pages\/8715\/revisions\/11288"}],"wp:attachment":[{"href":"https:\/\/www.eurovanille.com\/en\/wp-json\/wp\/v2\/media?parent=8715"}],"curies":[{"name":"wp","href":"https:\/\/api.w.org\/{rel}","templated":true}]}}